{"id":1097,"date":"2021-07-09T10:59:54","date_gmt":"2021-07-09T10:59:54","guid":{"rendered":"https:\/\/ecoisleta.com\/politica-privacidad\/"},"modified":"2022-11-04T10:13:27","modified_gmt":"2022-11-04T10:13:27","slug":"politica-privacidad","status":"publish","type":"page","link":"https:\/\/ecoisleta.com\/en\/politica-privacidad\/","title":{"rendered":"Pol\u00edtica de privacidad"},"content":{"rendered":"\n<p data-block-type=\"core\">Tu privacidad es muy importante. En esta pol\u00edtica de privacidad puedes conocer qu\u00e9 datos personales se recopilan en https:\/\/ecoisleta.com (en adelante el sitio web) y c\u00f3mo son utilizados.<\/p>\n\n\n\n<h2 class=\"wp-block-heading\" data-block-type=\"core\">1. Protecci\u00f3n de datos y confidencialidad<\/h2>\n\n\n\n<p data-block-type=\"core\">En cumplimiento del Reglamento General de Protecci\u00f3n de Datos 679\/2016 y de nuestras propias normas \u00e9ticas, te informamos de que el tratamiento que vamos a dar a tus datos personales, que voluntariamente nos facilitas cuando accedes a nuestra p\u00e1gina web https:\/\/ecoisleta.com para utilizar alguno de nuestros servicios online, es absolutamente confidencial, adem\u00e1s de los usos derivados descritos a continuaci\u00f3n.<\/p>\n\n\n\n<h2 class=\"wp-block-heading\" data-block-type=\"core\">2. Recogida, finalidad y tratamiento de los datos personales<\/h2>\n\n\n\n<p data-block-type=\"core\">Los usuarios aceptan expresamente y de forma libre e inequ\u00edvoca que sus datos personales sean tratados por parte del responsable del sitio web con la finalidad de poder gestionar su solicitud de contacto o la correcta prestaci\u00f3n de los servicios ofrecidos en el sitio web.<\/p>\n\n\n\n<p data-block-type=\"core\">A su vez, y en virtud de lo establecido en la Ley 34\/2002, de 11 de julio, de Servicios de la Sociedad de la Informaci\u00f3n y de Comercio electr\u00f3nico, el titular del sitio web informa que podr\u00e1 utilizar las direcciones de correo electr\u00f3nico facilitadas para remitirle informaci\u00f3n acerca de sus productos y servicios, avisos y ofertas y, en general, informaci\u00f3n de car\u00e1cter comercial de inter\u00e9s relativa a su actividad.<\/p>\n\n\n\n<h3 class=\"wp-block-heading\" data-block-type=\"core\">Responsable del tratamiento de tus datos personales<\/h3>\n\n\n\n<ul class=\"wp-block-list\" data-block-type=\"core\">\n<li data-block-type=\"core\">Identidad del Responsable: Jonathan Ortega Socorro (en adelante, el prestador)<\/li>\n\n\n\n<li data-block-type=\"core\">Nombre comercial: Ecoisleta<\/li>\n\n\n\n<li data-block-type=\"core\">NIF\/CIF: 44312071H<\/li>\n\n\n\n<li data-block-type=\"core\">Correo electr\u00f3nico: web@ecoisleta.com<\/li>\n\n\n\n<li data-block-type=\"core\">Direcci\u00f3n: C\/ Veneguera, 28. CP: 35009, Las Palmas de Gran Canaria.<\/li>\n<\/ul>\n\n\n\n<h3 class=\"wp-block-heading\" data-block-type=\"core\">Principios que aplicaremos a tu informaci\u00f3n personal<\/h3>\n\n\n\n<p data-block-type=\"core\">En el tratamiento de tus datos personales, aplicaremos los siguientes principios que se ajustan a las exigencias del Reglamento (UE) 2016\/679 del Parlamento Europeo y del Consejo de 27 de abril de 2016 relativo a la protecci\u00f3n de las personas f\u00edsicas (RGPD):<\/p>\n\n\n\n<ul class=\"wp-block-list\" data-block-type=\"core\">\n<li data-block-type=\"core\">Principio de licitud, lealtad y transparencia: Siempre vamos a requerir tu consentimiento para el tratamiento de tus datos personales para uno o varios fines espec\u00edficos que te informaremos previamente con absoluta transparencia.<\/li>\n\n\n\n<li data-block-type=\"core\">Principio de minimizaci\u00f3n de datos: Solo vamos a requerir datos estrictamente necesarios en relaci\u00f3n con los fines para los que los requerimos. Los m\u00ednimos posibles.<\/li>\n\n\n\n<li data-block-type=\"core\">Principio de limitaci\u00f3n del plazo de conservaci\u00f3n: los datos ser\u00e1n mantenidos durante no m\u00e1s tiempo del necesario para los fines del tratamiento, en funci\u00f3n a la finalidad, te informaremos del plazo de conservaci\u00f3n correspondiente, en el caso de suscripciones,peri\u00f3dicamente revisaremos nuestras listas y eliminaremos aquellos registros inactivos durante un tiempo considerable.<\/li>\n\n\n\n<li data-block-type=\"core\">Principio de integridad y confidencialidad: Tus datos ser\u00e1n tratados de tal manera que se garantice una seguridad adecuada de los datos personales y se garantice confidencialidad. Debes saber que tomamos todas las precauciones necesarias para evitar el acceso no autorizado o uso indebido de los datos de nuestros usuarios por parte de terceros.<\/li>\n<\/ul>\n\n\n\n<h3 class=\"wp-block-heading\" data-block-type=\"core\">\u00bfC\u00f3mo hemos obtenido tus datos?<\/h3>\n\n\n\n<p data-block-type=\"core\">Los datos personales que tratamos en el sitio web proceden de:<\/p>\n\n\n\n<ul class=\"wp-block-list\" data-block-type=\"core\">\n<li data-block-type=\"core\">Formulario de contacto<\/li>\n\n\n\n<li data-block-type=\"core\">Correo electr\u00f3nico<\/li>\n<\/ul>\n\n\n\n<h3 class=\"wp-block-heading\" data-block-type=\"core\">\u00bfCu\u00e1les son tus derechos cuando nos facilitas tus datos?<\/h3>\n\n\n\n<p data-block-type=\"core\">Cualquier usuario tiene derecho a:<\/p>\n\n\n\n<ul class=\"wp-block-list\" data-block-type=\"core\">\n<li data-block-type=\"core\">Solicitar el acceso a los datos personales relativos al interesado<\/li>\n\n\n\n<li data-block-type=\"core\">Solicitar su rectificaci\u00f3n o supresi\u00f3n<\/li>\n\n\n\n<li data-block-type=\"core\">Solicitar la limitaci\u00f3n de su tratamiento<\/li>\n\n\n\n<li data-block-type=\"core\">Oponerse al tratamiento<\/li>\n\n\n\n<li data-block-type=\"core\">Solicitar la portabilidad de los datos<\/li>\n<\/ul>\n\n\n\n<h3 class=\"wp-block-heading\" data-block-type=\"core\">\u00bfCon qu\u00e9 finalidad tratamos tus datos personales?<\/h3>\n\n\n\n<p data-block-type=\"core\">Cuando accedes al sitio web https:\/\/ecoisleta.com o env\u00edas un Email facilitas \u00fanicamente la siguiente informaci\u00f3n de car\u00e1cter personal:<\/p>\n\n\n\n<ul class=\"wp-block-list\" data-block-type=\"core\">\n<li data-block-type=\"core\">Direcci\u00f3n IP<\/li>\n\n\n\n<li data-block-type=\"core\">Nombre y apellidos<\/li>\n\n\n\n<li data-block-type=\"core\">Direcci\u00f3n de correo electr\u00f3nico<\/li>\n\n\n\n<li data-block-type=\"core\">Tel\u00e9fono de contacto<\/li>\n<\/ul>\n\n\n\n<p data-block-type=\"core\">Al facilitar esta informaci\u00f3n, el usuario da su consentimiento para que su informaci\u00f3n sea recopilada, utilizada, gestionada y almacenada por el titular del sitio web, s\u00f3lo como se describe en el Aviso Legal y la presente Pol\u00edtica de Privacidad.<\/p>\n\n\n\n<h3 class=\"wp-block-heading\" data-block-type=\"core\">\u00bfCu\u00e1l es la base legal para el tratamiento de tus datos?<\/h3>\n\n\n\n<p data-block-type=\"core\">La base legal para el tratamiento de los datos de los usuarios del sitio web es la ejecuci\u00f3n la adquisici\u00f3n de los servicios.<\/p>\n\n\n\n<h3 class=\"wp-block-heading\" data-block-type=\"core\">\u00bfPor cu\u00e1nto tiempo conservaremos tus datos?<\/h3>\n\n\n\n<p data-block-type=\"core\">Los datos personales proporcionados por los usuarios, se conservar\u00e1n:<\/p>\n\n\n\n<ul class=\"wp-block-list\" data-block-type=\"core\">\n<li data-block-type=\"core\">Mientras se mantenga la relaci\u00f3n con el sitio web o su existencia.<\/li>\n\n\n\n<li data-block-type=\"core\">Mientras no se solicite su supresi\u00f3n por el interesado.<\/li>\n<\/ul>\n\n\n\n<h2 class=\"wp-block-heading\" data-block-type=\"core\">3. Navegaci\u00f3n<\/h2>\n\n\n\n<p data-block-type=\"core\">Al navegar por el sitio web se pueden recabar datos no identificables de los usuarios, que pueden incluir direcciones IP, ubicaci\u00f3n geogr\u00e1fica aproximada, dispositivos, recorrido de navegaci\u00f3n y otros datos que no pueden ser utilizados para identificar al usuario.<\/p>\n\n\n\n<p data-block-type=\"core\">Entre estos datos no identificativos, se encuentran tambi\u00e9n los relacionados a los h\u00e1bitos de navegaci\u00f3n de los usuarios, recabados a trav\u00e9s de servicios de terceros. Esta web utiliza los siguientes servicios de an\u00e1lisis de terceros:<\/p>\n\n\n\n<ul class=\"wp-block-list\" data-block-type=\"core\">\n<li data-block-type=\"core\">Google Analitycs<\/li>\n<\/ul>\n\n\n\n<p data-block-type=\"core\">Utilizamos esta informaci\u00f3n para analizar tendencias, administrar el sitio, rastrear los movimientos de los usuarios alrededor del sitio y para recopilar informaci\u00f3n demogr\u00e1fica sobre nuestra base de usuarios en su conjunto, con el objetivo de desarrollar una experiencia cada vez mejor para los usuarios.<\/p>\n\n\n\n<h2 class=\"wp-block-heading\" data-block-type=\"core\">4. Secreto y seguridad de los datos<\/h2>\n\n\n\n<p data-block-type=\"core\">Nos comprometemos a realizar un uso y tratamiento de los datos personales de los usuarios respetando en todo momento su confidencialidad, as\u00ed como a utilizarlos de acuerdo a la finalidad del mismo, dar cumplimiento a su obligaci\u00f3n de guardarlos y adaptar todas las medidas para evitar la alteraci\u00f3n, p\u00e9rdida, tratamiento o acceso no autorizado, de conformidad con lo establecido en la normativa vigente.<\/p>\n\n\n\n<p data-block-type=\"core\">No garantizamos la absoluta inexpugnabilidad de la red Internet, y por tanto la violaci\u00f3n de los datos mediante accesos fraudulentos a ellos por parte de terceros.<\/p>\n\n\n\n<h2 class=\"wp-block-heading\" data-block-type=\"core\">5. Exactitud y veracidad de los datos<\/h2>\n\n\n\n<p data-block-type=\"core\">El usuario es el \u00fanico responsable de la veracidad y correcci\u00f3n de los datos remitidos en el sitio web, exonerando al prestador de cualquier responsabilidad al respecto. Los usuarios garantizan y responden, en cualquier caso, de la exactitud, vigencia y autenticidad de los datos personales facilitados, y se comprometen a mantenerlos debidamente actualizados. El usuario acepta proporcionar informaci\u00f3n completa, correcta y veraz en el formulario de contacto o suscripci\u00f3n.<\/p>\n\n\n\n<h2 class=\"wp-block-heading\" data-block-type=\"core\">6. Aceptaci\u00f3n y consentimiento<\/h2>\n\n\n\n<p data-block-type=\"core\">El Usuario declara haber sido informado de las condiciones sobre protecci\u00f3n de datos de car\u00e1cter personal, aceptando y consintiendo el tratamiento de los mismos por parte del prestador, en la forma y para las finalidades indicadas en esta pol\u00edtica de privacidad.<\/p>\n\n\n\n<h2 class=\"wp-block-heading\" data-block-type=\"core\">7. Cambios en la pol\u00edtica de privacidad<\/h2>\n\n\n\n<p data-block-type=\"core\">El prestador del sitio web se reserva el derecho a modificar la presente pol\u00edtica para adaptarla a novedades legislativas o jurisprudenciales, as\u00ed como a pr\u00e1cticas de la industria. En dichos supuestos, el prestador anunciar\u00e1 en esta p\u00e1gina los cambios introducidos con razonable antelaci\u00f3n a su puesta en pr\u00e1ctica.<\/p>\n\n\n\n<h2 class=\"wp-block-heading\" data-block-type=\"core\">8. Correos comerciales<\/h2>\n\n\n\n<p data-block-type=\"core\">De acuerdo con la LSSICE, el prestador del sitio web no realiza pr\u00e1cticas de SPAM.&nbsp;<\/p>\n\n\n\n<p data-block-type=\"core\">Conforme a lo dispuesto en la Ley 34\/2002 de Servicios de la Sociedad de la Informaci\u00f3n y de comercio electr\u00f3nico, el prestador se compromete a no enviar comunicaciones de car\u00e1cter comercial sin identificarlas debidamente.<\/p>\n\n\n\n<h2 class=\"wp-block-heading\" data-block-type=\"core\">9. Cesi\u00f3n de datos personales<\/h2>\n\n\n\n<p data-block-type=\"core\">Los datos personales facilitados por los usuarios no ser\u00e1n cedidos en ning\u00fan caso a terceros, y siempre que fuera a realizarse alg\u00fan tipo de cesi\u00f3n de datos personales, de forma previa, se solicitar\u00e1 el consentimiento expreso, informado, e inequ\u00edvoco por parte de los afectados o interesados.<\/p>\n\n\n\n<p data-block-type=\"core\">Tenemos contratados a los siguientes proveedores de servicios, habi\u00e9ndose comprometido al cumplimiento de las obligaciones en materia de protecci\u00f3n de datos, en el momento de su contrataci\u00f3n:<\/p>\n\n\n\n<ul class=\"wp-block-list\" data-block-type=\"core\">\n<li data-block-type=\"core\">1&amp;1&nbsp;IONOS&nbsp;Espa\u00f1a&nbsp;S.L.U, proveedor del servicio alojamiento web.<\/li>\n\n\n\n<li data-block-type=\"core\">Google Ireland Limited, proveedor del servicio de comunicaci\u00f3n por correo electr\u00f3nico GMail.<\/li>\n<\/ul>\n\n\n\n<h2 class=\"wp-block-heading\" data-block-type=\"core\">10. Derechos de Acceso, Rectificaci\u00f3n, Cancelaci\u00f3n y Oposici\u00f3n (ARCO) de los usuarios<\/h2>\n\n\n\n<p data-block-type=\"core\">De conformidad con lo establecido en la normativa aplicable, el titular del sitio web informa al cliente o usuario que tiene los siguientes derechos derivados de la normativa aplicable:<\/p>\n\n\n\n<ul class=\"wp-block-list\" data-block-type=\"core\">\n<li data-block-type=\"core\">Acceso: permite al titular de los datos obtener informaci\u00f3n sobre si estamos tratando datos personales que le conciernen o no y, en tal caso, derecho a obtener copia sobre los datos de car\u00e1cter personal sometidos a tratamiento.<\/li>\n\n\n\n<li data-block-type=\"core\">Rectificaci\u00f3n: permite corregir errores y modificar los datos que resulten ser inexactos o incompletos.<\/li>\n\n\n\n<li data-block-type=\"core\">Supresi\u00f3n: permite que los datos sean suprimidos y dejen de tratarse por el titular del sitio web, salvo que exista obligaci\u00f3n legal de conservarlos y\/o no prevalezcan otros motivos leg\u00edtimos para su tratamiento.<\/li>\n\n\n\n<li data-block-type=\"core\">Limitaci\u00f3n: bajo las condiciones establecidas legalmente, permite que el tratamiento de datos se paralice, de tal manera que se evite por parte del titular del sitio web su tratamiento en un futuro, que \u00fanicamente los conservar\u00e1 para el ejercicio o la defensa de reclamaciones.<\/li>\n\n\n\n<li data-block-type=\"core\">Oposici\u00f3n: en determinadas circunstancias y por motivos relacionados con su situaci\u00f3n particular, los interesados podr\u00e1n oponerse al tratamiento de sus datos.<\/li>\n\n\n\n<li data-block-type=\"core\">Portabilidad: permite al interesado recibir sus datos personales y poder transmitirlos directamente a otro responsable en un formato estructurado, de uso com\u00fan y lectura mec\u00e1nica.<\/li>\n<\/ul>\n\n\n\n<p data-block-type=\"core\">Podr\u00e1 ejercer estos derechos remitiendo una solicitud expresa del derecho que desea ejercer, junto a una copia de su DNI, a la direcci\u00f3n de correo electr\u00f3nico web@ecoisleta.com.<\/p>\n\n\n\n<p data-block-type=\"core\">El ejercicio de derechos deber\u00e1 ser realizado por el propio usuario. No obstante, podr\u00e1n ser ejecutados por una persona autorizada como representante legal del autorizado. En tal caso, se deber\u00e1 aportar la documentaci\u00f3n que acredite esta representaci\u00f3n del interesado.<\/p>\n\n\n\n<h2 class=\"wp-block-heading\" data-block-type=\"core\">11. Enlaces<\/h2>\n\n\n\n<p data-block-type=\"core\">El sitio web https:\/\/ecoisleta.com contiene enlaces a sitios web de terceros, cuyas pol\u00edticas de privacidad son ajenas a la del titular del sitio web. Al acceder a tales sitios web usted puede decidir si acepta sus pol\u00edticas de privacidad y de cookies.<\/p>\n\n\n\n<h2 class=\"wp-block-heading\" data-block-type=\"core\">12. Seguridad<\/h2>\n\n\n\n<p data-block-type=\"core\">Las medidas de seguridad adoptadas por el titular del sitio web son las adecuadas al nivel de seguridad exigible a los datos que el usuario le facilita, de conformidad con lo previsto en la Ley Org\u00e1nica 3\/2018, de 5 de diciembre, de Protecci\u00f3n de Datos Personales y garant\u00eda de los derechos digitales.<\/p>\n\n\n\n<h2 class=\"wp-block-heading\" data-block-type=\"core\">13. Cookies<\/h2>\n\n\n\n<p data-block-type=\"core\">En esta web recopilamos y utilizamos la informaci\u00f3n seg\u00fan indicamos en nuestra pol\u00edtica de privacidad. Una de las formas en las que recopilamos informaci\u00f3n es a trav\u00e9s del uso de la tecnolog\u00eda llamada \u201ccookies\u201d.<\/p>\n\n\n\n<p data-block-type=\"core\">Puedes conocer el uso de cookies de https:\/\/ecoisleta.com visitando el apartado &#8220;cookies&#8221; de nuestro sitio web.&nbsp;<\/p>\n","protected":false},"excerpt":{"rendered":"<p>Tu privacidad es muy importante. En esta pol\u00edtica de privacidad puedes conocer qu\u00e9 datos personales se recopilan en https:\/\/ecoisleta.com (en adelante el sitio web) y c\u00f3mo son utilizados. 1. Protecci\u00f3n de datos y confidencialidad En cumplimiento del Reglamento General de Protecci\u00f3n de Datos 679\/2016 y de nuestras propias normas \u00e9ticas, te informamos de que el [&hellip;]<\/p>\n","protected":false},"author":1,"featured_media":0,"parent":0,"menu_order":0,"comment_status":"closed","ping_status":"closed","template":"","meta":{"_genesis_hide_title":false,"_genesis_hide_breadcrumbs":false,"_genesis_hide_singular_image":false,"_genesis_hide_footer_widgets":false,"_genesis_custom_body_class":"","_genesis_custom_post_class":"","_genesis_layout":"","footnotes":""},"class_list":{"0":"post-1097","1":"page","2":"type-page","3":"status-publish","5":"entry"},"featured_image_urls_v2":{"full":"","thumbnail":"","medium":"","medium_large":"","large":"","featured-page":""},"post_excerpt_stackable_v2":"<p>Tu privacidad es muy importante. En esta pol\u00edtica de privacidad puedes conocer qu\u00e9 datos personales se recopilan en https:\/\/ecoisleta.com (en adelante el sitio web) y c\u00f3mo son utilizados. 1. Protecci\u00f3n de datos y confidencialidad En cumplimiento del Reglamento General de Protecci\u00f3n de Datos 679\/2016 y de nuestras propias normas \u00e9ticas, te informamos de que el tratamiento que vamos a dar a tus datos personales, que voluntariamente nos facilitas cuando accedes a nuestra p\u00e1gina web https:\/\/ecoisleta.com para utilizar alguno de nuestros servicios online, es absolutamente confidencial, adem\u00e1s de los usos derivados descritos a continuaci\u00f3n. 2. Recogida, finalidad y tratamiento de los&hellip;<\/p>\n","category_list_v2":"","author_info_v2":{"name":"Ecoisleta","url":"https:\/\/ecoisleta.com\/en\/author\/ecoisleta\/"},"comments_num_v2":"0 comments","yoast_head":"<!-- This site is optimized with the Yoast SEO plugin v27.4 - https:\/\/yoast.com\/product\/yoast-seo-wordpress\/ -->\n<title>Pol\u00edtica de privacidad - Ecoisleta<\/title>\n<meta name=\"robots\" content=\"noindex, follow\" \/>\n<meta property=\"og:locale\" content=\"en_US\" \/>\n<meta property=\"og:type\" content=\"article\" \/>\n<meta property=\"og:title\" content=\"Pol\u00edtica de privacidad - Ecoisleta\" \/>\n<meta property=\"og:description\" content=\"Tu privacidad es muy importante. En esta pol\u00edtica de privacidad puedes conocer qu\u00e9 datos personales se recopilan en https:\/\/ecoisleta.com (en adelante el sitio web) y c\u00f3mo son utilizados. 1. Protecci\u00f3n de datos y confidencialidad En cumplimiento del Reglamento General de Protecci\u00f3n de Datos 679\/2016 y de nuestras propias normas \u00e9ticas, te informamos de que el [&hellip;]\" \/>\n<meta property=\"og:url\" content=\"https:\/\/ecoisleta.com\/en\/politica-privacidad\/\" \/>\n<meta property=\"og:site_name\" content=\"Ecoisleta\" \/>\n<meta property=\"article:publisher\" content=\"https:\/\/www.facebook.com\/ecoisleta\" \/>\n<meta property=\"article:modified_time\" content=\"2022-11-04T10:13:27+00:00\" \/>\n<meta name=\"twitter:card\" content=\"summary_large_image\" \/>\n<meta name=\"twitter:label1\" content=\"Est. reading time\" \/>\n\t<meta name=\"twitter:data1\" content=\"8 minutes\" \/>\n<script type=\"application\/ld+json\" class=\"yoast-schema-graph\">{\"@context\":\"https:\\\/\\\/schema.org\",\"@graph\":[{\"@type\":\"WebPage\",\"@id\":\"https:\\\/\\\/ecoisleta.com\\\/en\\\/politica-privacidad\\\/\",\"url\":\"https:\\\/\\\/ecoisleta.com\\\/en\\\/politica-privacidad\\\/\",\"name\":\"Pol\u00edtica de privacidad - Ecoisleta\",\"isPartOf\":{\"@id\":\"https:\\\/\\\/ecoisleta.com\\\/en\\\/#website\"},\"datePublished\":\"2021-07-09T10:59:54+00:00\",\"dateModified\":\"2022-11-04T10:13:27+00:00\",\"breadcrumb\":{\"@id\":\"https:\\\/\\\/ecoisleta.com\\\/en\\\/politica-privacidad\\\/#breadcrumb\"},\"inLanguage\":\"en-US\",\"potentialAction\":[{\"@type\":\"ReadAction\",\"target\":[\"https:\\\/\\\/ecoisleta.com\\\/en\\\/politica-privacidad\\\/\"]}]},{\"@type\":\"BreadcrumbList\",\"@id\":\"https:\\\/\\\/ecoisleta.com\\\/en\\\/politica-privacidad\\\/#breadcrumb\",\"itemListElement\":[{\"@type\":\"ListItem\",\"position\":1,\"name\":\"Portada\",\"item\":\"https:\\\/\\\/ecoisleta.com\\\/en\\\/\"},{\"@type\":\"ListItem\",\"position\":2,\"name\":\"Pol\u00edtica de privacidad\"}]},{\"@type\":\"WebSite\",\"@id\":\"https:\\\/\\\/ecoisleta.com\\\/en\\\/#website\",\"url\":\"https:\\\/\\\/ecoisleta.com\\\/en\\\/\",\"name\":\"Coliving Ecoisleta\",\"description\":\"Coliving in Las Palmas de Gran Canaria\",\"publisher\":{\"@id\":\"https:\\\/\\\/ecoisleta.com\\\/en\\\/#organization\"},\"alternateName\":\"EcoIsleta\",\"potentialAction\":[{\"@type\":\"SearchAction\",\"target\":{\"@type\":\"EntryPoint\",\"urlTemplate\":\"https:\\\/\\\/ecoisleta.com\\\/en\\\/?s={search_term_string}\"},\"query-input\":{\"@type\":\"PropertyValueSpecification\",\"valueRequired\":true,\"valueName\":\"search_term_string\"}}],\"inLanguage\":\"en-US\"},{\"@type\":\"Organization\",\"@id\":\"https:\\\/\\\/ecoisleta.com\\\/en\\\/#organization\",\"name\":\"Coliving EcoIsleta\",\"url\":\"https:\\\/\\\/ecoisleta.com\\\/en\\\/\",\"logo\":{\"@type\":\"ImageObject\",\"inLanguage\":\"en-US\",\"@id\":\"https:\\\/\\\/ecoisleta.com\\\/en\\\/#\\\/schema\\\/logo\\\/image\\\/\",\"url\":\"https:\\\/\\\/ecoisleta.com\\\/wp-content\\\/uploads\\\/2021\\\/07\\\/cropped-Logo-Ecoisleta-color.png\",\"contentUrl\":\"https:\\\/\\\/ecoisleta.com\\\/wp-content\\\/uploads\\\/2021\\\/07\\\/cropped-Logo-Ecoisleta-color.png\",\"width\":720,\"height\":325,\"caption\":\"Coliving EcoIsleta\"},\"image\":{\"@id\":\"https:\\\/\\\/ecoisleta.com\\\/en\\\/#\\\/schema\\\/logo\\\/image\\\/\"},\"sameAs\":[\"https:\\\/\\\/www.facebook.com\\\/ecoisleta\",\"https:\\\/\\\/www.linkedin.com\\\/company\\\/ecoisleta\\\/\"]}]}<\/script>\n<!-- \/ Yoast SEO plugin. -->","yoast_head_json":{"title":"Pol\u00edtica de privacidad - Ecoisleta","robots":{"index":"noindex","follow":"follow"},"og_locale":"en_US","og_type":"article","og_title":"Pol\u00edtica de privacidad - Ecoisleta","og_description":"Tu privacidad es muy importante. En esta pol\u00edtica de privacidad puedes conocer qu\u00e9 datos personales se recopilan en https:\/\/ecoisleta.com (en adelante el sitio web) y c\u00f3mo son utilizados. 1. Protecci\u00f3n de datos y confidencialidad En cumplimiento del Reglamento General de Protecci\u00f3n de Datos 679\/2016 y de nuestras propias normas \u00e9ticas, te informamos de que el [&hellip;]","og_url":"https:\/\/ecoisleta.com\/en\/politica-privacidad\/","og_site_name":"Ecoisleta","article_publisher":"https:\/\/www.facebook.com\/ecoisleta","article_modified_time":"2022-11-04T10:13:27+00:00","twitter_card":"summary_large_image","twitter_misc":{"Est. reading time":"8 minutes"},"schema":{"@context":"https:\/\/schema.org","@graph":[{"@type":"WebPage","@id":"https:\/\/ecoisleta.com\/en\/politica-privacidad\/","url":"https:\/\/ecoisleta.com\/en\/politica-privacidad\/","name":"Pol\u00edtica de privacidad - Ecoisleta","isPartOf":{"@id":"https:\/\/ecoisleta.com\/en\/#website"},"datePublished":"2021-07-09T10:59:54+00:00","dateModified":"2022-11-04T10:13:27+00:00","breadcrumb":{"@id":"https:\/\/ecoisleta.com\/en\/politica-privacidad\/#breadcrumb"},"inLanguage":"en-US","potentialAction":[{"@type":"ReadAction","target":["https:\/\/ecoisleta.com\/en\/politica-privacidad\/"]}]},{"@type":"BreadcrumbList","@id":"https:\/\/ecoisleta.com\/en\/politica-privacidad\/#breadcrumb","itemListElement":[{"@type":"ListItem","position":1,"name":"Portada","item":"https:\/\/ecoisleta.com\/en\/"},{"@type":"ListItem","position":2,"name":"Pol\u00edtica de privacidad"}]},{"@type":"WebSite","@id":"https:\/\/ecoisleta.com\/en\/#website","url":"https:\/\/ecoisleta.com\/en\/","name":"Coliving Ecoisleta","description":"Coliving in Las Palmas de Gran Canaria","publisher":{"@id":"https:\/\/ecoisleta.com\/en\/#organization"},"alternateName":"EcoIsleta","potentialAction":[{"@type":"SearchAction","target":{"@type":"EntryPoint","urlTemplate":"https:\/\/ecoisleta.com\/en\/?s={search_term_string}"},"query-input":{"@type":"PropertyValueSpecification","valueRequired":true,"valueName":"search_term_string"}}],"inLanguage":"en-US"},{"@type":"Organization","@id":"https:\/\/ecoisleta.com\/en\/#organization","name":"Coliving EcoIsleta","url":"https:\/\/ecoisleta.com\/en\/","logo":{"@type":"ImageObject","inLanguage":"en-US","@id":"https:\/\/ecoisleta.com\/en\/#\/schema\/logo\/image\/","url":"https:\/\/ecoisleta.com\/wp-content\/uploads\/2021\/07\/cropped-Logo-Ecoisleta-color.png","contentUrl":"https:\/\/ecoisleta.com\/wp-content\/uploads\/2021\/07\/cropped-Logo-Ecoisleta-color.png","width":720,"height":325,"caption":"Coliving EcoIsleta"},"image":{"@id":"https:\/\/ecoisleta.com\/en\/#\/schema\/logo\/image\/"},"sameAs":["https:\/\/www.facebook.com\/ecoisleta","https:\/\/www.linkedin.com\/company\/ecoisleta\/"]}]}},"_links":{"self":[{"href":"https:\/\/ecoisleta.com\/en\/wp-json\/wp\/v2\/pages\/1097","targetHints":{"allow":["GET"]}}],"collection":[{"href":"https:\/\/ecoisleta.com\/en\/wp-json\/wp\/v2\/pages"}],"about":[{"href":"https:\/\/ecoisleta.com\/en\/wp-json\/wp\/v2\/types\/page"}],"author":[{"embeddable":true,"href":"https:\/\/ecoisleta.com\/en\/wp-json\/wp\/v2\/users\/1"}],"replies":[{"embeddable":true,"href":"https:\/\/ecoisleta.com\/en\/wp-json\/wp\/v2\/comments?post=1097"}],"version-history":[{"count":2,"href":"https:\/\/ecoisleta.com\/en\/wp-json\/wp\/v2\/pages\/1097\/revisions"}],"predecessor-version":[{"id":1276,"href":"https:\/\/ecoisleta.com\/en\/wp-json\/wp\/v2\/pages\/1097\/revisions\/1276"}],"wp:attachment":[{"href":"https:\/\/ecoisleta.com\/en\/wp-json\/wp\/v2\/media?parent=1097"}],"curies":[{"name":"wp","href":"https:\/\/api.w.org\/{rel}","templated":true}]}}