{"id":1096,"date":"2021-07-25T18:15:35","date_gmt":"2021-07-25T18:15:35","guid":{"rendered":"https:\/\/ecoisleta.com\/cookies\/"},"modified":"2024-06-06T10:41:16","modified_gmt":"2024-06-06T10:41:16","slug":"cookies","status":"publish","type":"page","link":"https:\/\/ecoisleta.com\/en\/cookies\/","title":{"rendered":"Cookies"},"content":{"rendered":"\n<p data-block-type=\"core\">En esta web recopilamos y utilizamos la informaci\u00f3n seg\u00fan indicamos en nuestra pol\u00edtica de privacidad. Una de las formas en las que recopilamos informaci\u00f3n es a trav\u00e9s del uso de la tecnolog\u00eda llamada \u201ccookies\u201d.<\/p>\n\n\n\n<h2 class=\"wp-block-heading\" id=\"que-es-una-cookie\" data-block-type=\"core\">\u00bfQu\u00e9 es una cookie?<\/h2>\n\n\n\n<p data-block-type=\"core\">Una \u201ccookie\u201d es una peque\u00f1a cantidad de texto que se almacena en tu navegador cuando visitas la mayor\u00eda de los sitios web.<\/p>\n\n\n\n<h2 class=\"wp-block-heading\" id=\"que-informacion-almacena-una-cookie\" data-block-type=\"core\">\u00bfQu\u00e9 informaci\u00f3n almacena una cookie?<\/h2>\n\n\n\n<p data-block-type=\"core\">Las cookies no suelen almacenar informaci\u00f3n personal sobre los usuarios.. Los datos que guardan son de car\u00e1cter t\u00e9cnico, estad\u00edsticos, preferencias de navegaci\u00f3n o personalizaci\u00f3n de contenidos, no asociando al usuario como persona, sino a su navegador web.<\/p>\n\n\n\n<h2 class=\"wp-block-heading\" id=\"que-tipo-de-cookies-existen\" data-block-type=\"core\">\u00bfQu\u00e9 tipo de cookies existen?<\/h2>\n\n\n\n<ul class=\"wp-block-list\" data-block-type=\"core\">\n<li data-block-type=\"core\">Cookies t\u00e9cnicas: Son aqu\u00e9llas que permiten al usuario la navegaci\u00f3n a trav\u00e9s de una p\u00e1gina web, plataforma o aplicaci\u00f3n y la utilizaci\u00f3n de las diferentes opciones o servicios que en ella existan como, por ejemplo, controlar el tr\u00e1fico y la comunicaci\u00f3n de datos, identificar la sesi\u00f3n, acceder a partes de acceso restringido, recordar los elementos que integran un pedido, realizar el proceso de compra de un pedido, realizar la solicitud de inscripci\u00f3n o participaci\u00f3n en un evento, utilizar elementos de seguridad durante la navegaci\u00f3n, almacenar contenidos para la difusi\u00f3n de videos o sonido o compartir contenidos a trav\u00e9s de redes sociales.<\/li>\n\n\n\n<li data-block-type=\"core\">Cookies de personalizaci\u00f3n: Son aqu\u00e9llas que permiten al usuario acceder al servicio con algunas caracter\u00edsticas de car\u00e1cter general predefinidas en funci\u00f3n de una serie de criterios en el terminal del usuario como por ejemplo serian el idioma, el tipo de navegador a trav\u00e9s del cual accede al servicio, la configuraci\u00f3n regional desde donde accede al servicio, etc.<\/li>\n\n\n\n<li data-block-type=\"core\">Cookies de an\u00e1lisis: Son aqu\u00e9llas que bien tratadas por nosotros o por terceros, nos permiten cuantificar el n\u00famero de usuarios y as\u00ed realizar la medici\u00f3n y an\u00e1lisis estad\u00edstico de la utilizaci\u00f3n que hacen los usuarios del servicio ofertado. Para ello se analiza su navegaci\u00f3n en nuestra p\u00e1gina web con el fin de mejorar la oferta de productos o servicios que le ofrecemos.<\/li>\n\n\n\n<li data-block-type=\"core\">Cookies publicitarias: Son aqu\u00e9llas que, bien tratadas por nosotros o por terceros, nos permiten gestionar de la forma m\u00e1s eficaz posible la oferta de los espacios publicitarios que hay en la p\u00e1gina web, adecuando el contenido del anuncio al contenido del servicio solicitado o al uso que realice de nuestra p\u00e1gina web. Para ello podemos analizar sus h\u00e1bitos de navegaci\u00f3n en Internet y podemos mostrarle publicidad relacionada con su perfil de navegaci\u00f3n.<\/li>\n\n\n\n<li data-block-type=\"core\">Cookies de publicidad comportamental: Son aqu\u00e9llas que permiten la gesti\u00f3n, de la forma m\u00e1s eficaz posible, de los espacios publicitarios que, en su caso, el editor haya incluido en una p\u00e1gina web, aplicaci\u00f3n o plataforma desde la que presta el servicio solicitado. Estas cookies almacenan informaci\u00f3n del comportamiento de los usuarios obtenida a trav\u00e9s de la observaci\u00f3n de sus h\u00e1bitos de navegaci\u00f3n, lo que permite desarrollar un perfil espec\u00edfico para mostrar publicidad en funci\u00f3n del mismo.<\/li>\n<\/ul>\n\n\n\n<h2 class=\"wp-block-heading\" id=\"que-son-las-cookies-propias-y-las-de-terceros\" data-block-type=\"core\">\u00bfQu\u00e9 son las cookies propias y las de terceros?<\/h2>\n\n\n\n<p data-block-type=\"core\">Las cookies propias son las generadas por la p\u00e1gina que est\u00e1 visitando y las de terceros son las generadas por servicios o proveedores externos como Facebook o Google.<br><\/p>\n\n\n\n<h2 class=\"wp-block-heading\" id=\"que-cookies-utiliza-esta-web\" data-block-type=\"core\">\u00bfQu\u00e9 cookies utiliza esta web?<\/h2>\n\n\n\n<p data-block-type=\"core\">Esta web utiliza cookies propias y de terceros como se detalla a continuaci\u00f3n.<\/p>\n\n\n\n<h3 class=\"wp-block-heading\" id=\"cookies-propias\" data-block-type=\"core\">Cookies propias:<\/h3>\n\n\n\n<ul class=\"wp-block-list\" data-block-type=\"core\">\n<li data-block-type=\"core\"><strong>Preferencias:<\/strong>\u00a0Las cookies nos permiten recordar tus ajustes y preferencias, como el idioma preferido y tu configuraci\u00f3n de privacidad.<\/li>\n<\/ul>\n\n\n\n<h3 class=\"wp-block-heading\" id=\"cookies-de-terceros\" data-block-type=\"core\">Cookies de terceros:<\/h3>\n\n\n\n<p data-block-type=\"core\"><strong>Anal\u00edtica web:<\/strong><\/p>\n\n\n\n<p data-block-type=\"core\">Esta web utiliza servicios de an\u00e1lisis, concretamente, Google Analytics para analizar el uso que hacen los usuarios del sitio web a nivel agregado y mejorar la usabilidad del mismo, pero en ning\u00fan caso se asocian a datos que pudieran llegar a identificar al usuario. Google Analytics, es un servicio anal\u00edtico de web prestado por Google Ireland Limited. El usuario puede consultar&nbsp;<a href=\"https:\/\/www.google.es\/intl\/es\/policies\/technologies\/types\/\">aqu\u00ed<\/a>&nbsp;el tipo de cookies utilizadas por Google.<\/p>\n\n\n\n<p data-block-type=\"core\"><strong>Redes sociales:&nbsp;<\/strong><\/p>\n\n\n\n<p data-block-type=\"core\">Las cookies de redes sociales pueden almacenarse en tu navegador mientras navegas por este sitio web, por ejemplo, cuando utilizas el bot\u00f3n de compartir nuestros contenidos en alguna red social o cuando insertamos publicaciones en nuestros contenidos.<\/p>\n\n\n\n<p data-block-type=\"core\">A continuaci\u00f3n tienes informaci\u00f3n sobre las cookies en sus propias pol\u00edticas:<\/p>\n\n\n\n<ul class=\"wp-block-list\" data-block-type=\"core\">\n<li data-block-type=\"core\">Cookies de Facebook. Ver m\u00e1s informaci\u00f3n en la<a href=\"https:\/\/www.facebook.com\/policies\/cookies\/\">\u00a0pol\u00edtica de cookies de Facebook<\/a><\/li>\n\n\n\n<li data-block-type=\"core\">Cookies de Instagram. Ver m\u00e1s informaci\u00f3n en la<a href=\"https:\/\/www.facebook.com\/policies\/cookies\/\">\u00a0pol\u00edtica de cookies de Instagram<\/a><\/li>\n\n\n\n<li data-block-type=\"core\">Cookies de Linkedin. Ver m\u00e1s informaci\u00f3n en la<a href=\"https:\/\/www.linkedin.com\/legal\/cookie-policy?trk=hp-cookies\">\u00a0pol\u00edtica de cookies de Linkedin<\/a><\/li>\n\n\n\n<li data-block-type=\"core\">Cookies de Youtube. Ver m\u00e1s informaci\u00f3n en su pol\u00edtica de<a href=\"http:\/\/www.google.com\/intl\/es\/policies\/technologies\/types\/\">\u00a0cookies de Youtube<\/a><\/li>\n<\/ul>\n\n\n\n<p data-block-type=\"core\"><strong>Remarketing:<\/strong><\/p>\n\n\n\n<p data-block-type=\"core\">Llevamos a cabo acciones de remarketing mediante&nbsp;<strong>Google Ads,<\/strong>&nbsp;que utiliza las cookies para ayudarnos a ofrecer anuncios en l\u00ednea espec\u00edfico basado en visitas anteriores a nuestro sitio web.&nbsp;<strong>Google<\/strong>&nbsp;utiliza esta informaci\u00f3n para mostrar anuncios en varios sitios web de terceros a trav\u00e9s de Internet. Estas cookies no contienen informaci\u00f3n que pueda identificarte personalmente. Visita la p\u00e1gina&nbsp;<a href=\"http:\/\/www.google.com\/privacy\/ads\/\">de privacidad de publicidad de Google<\/a>&nbsp;para obtener m\u00e1s informaci\u00f3n.<\/p>\n\n\n\n<p data-block-type=\"core\">Adem\u00e1s, llevamos a cabo acciones de remarketing mediante&nbsp;<strong>Facebook ads<\/strong>, que utiliza las cookies para ayudarnos a ofrecer anuncios en l\u00ednea espec\u00edfico basado en visitas anteriores a nuestro sitio web. Ver m\u00e1s informaci\u00f3n en la<a href=\"https:\/\/www.facebook.com\/policies\/cookies\/\">&nbsp;pol\u00edtica de cookies de Facebook.<\/a><\/p>\n\n\n\n<h2 class=\"wp-block-heading\" id=\"como-eliminar-y-bloquear-las-cookies\" data-block-type=\"core\">C\u00f3mo eliminar y bloquear las cookies<\/h2>\n\n\n\n<p data-block-type=\"core\">Para eliminar las cookies de un sitio web debe ir a la configuraci\u00f3n de su navegador y all\u00ed podr\u00e1 buscar las asociadas al dominio en cuesti\u00f3n y proceder a su eliminaci\u00f3n.<\/p>\n\n\n\n<ul class=\"wp-block-list\" data-block-type=\"core\">\n<li data-block-type=\"core\">Configuraci\u00f3n de cookies para\u00a0<a href=\"http:\/\/support.google.com\/chrome\/bin\/answer.py?hl=es&amp;answer=95647\">Google Chrome<\/a><\/li>\n\n\n\n<li data-block-type=\"core\">Configuraci\u00f3n de cookies para\u00a0<a href=\"https:\/\/support.apple.com\/es-es\/HT201265\">Safari<\/a><\/li>\n\n\n\n<li data-block-type=\"core\">Configuraci\u00f3n de cookies para\u00a0<a href=\"https:\/\/support.microsoft.com\/en-us\/help\/17442\/windows-internet-explorer-delete-manage-cookies#ie=ie-10\">Internet Explorer<\/a><\/li>\n\n\n\n<li data-block-type=\"core\">Configuraci\u00f3n de cookies para\u00a0<a href=\"https:\/\/support.mozilla.org\/es\/kb\/habilitar-y-deshabilitar-cookies-sitios-web-rastrear-preferencias?redirectlocale=es&amp;redirectslug=habilitar-y-deshabilitar-cookies-que-los-sitios-we\">Mozilla Firefox<\/a><\/li>\n<\/ul>\n\n\n\n<h2 class=\"wp-block-heading\" id=\"mas-informacion-sobre-las-cookies\" data-block-type=\"core\">M\u00e1s informaci\u00f3n sobre las cookies<\/h2>\n\n\n\n<p data-block-type=\"core\">Puedes consultar el reglamento sobre cookies publicado por la Agencia Espa\u00f1ola de Protecci\u00f3n de Datos en su \u201cGu\u00eda sobre el uso de las cookies\u201d y obtener m\u00e1s informaci\u00f3n sobre las cookies en Internet,&nbsp;<a href=\"http:\/\/www.aboutcookies.org\/\">http:\/\/www.aboutcookies.org\/<\/a><\/p>\n","protected":false},"excerpt":{"rendered":"<p>En esta web recopilamos y utilizamos la informaci\u00f3n seg\u00fan indicamos en nuestra pol\u00edtica de privacidad. Una de las formas en las que recopilamos informaci\u00f3n es a trav\u00e9s del uso de la tecnolog\u00eda llamada \u201ccookies\u201d. \u00bfQu\u00e9 es una cookie? Una \u201ccookie\u201d es una peque\u00f1a cantidad de texto que se almacena en tu navegador cuando visitas la [&hellip;]<\/p>\n","protected":false},"author":1,"featured_media":0,"parent":0,"menu_order":0,"comment_status":"closed","ping_status":"closed","template":"","meta":{"_genesis_hide_title":false,"_genesis_hide_breadcrumbs":false,"_genesis_hide_singular_image":false,"_genesis_hide_footer_widgets":false,"_genesis_custom_body_class":"","_genesis_custom_post_class":"","_genesis_layout":"","footnotes":""},"class_list":{"0":"post-1096","1":"page","2":"type-page","3":"status-publish","5":"entry"},"featured_image_urls_v2":{"full":"","thumbnail":"","medium":"","medium_large":"","large":"","featured-page":""},"post_excerpt_stackable_v2":"<p>En esta web recopilamos y utilizamos la informaci\u00f3n seg\u00fan indicamos en nuestra pol\u00edtica de privacidad. Una de las formas en las que recopilamos informaci\u00f3n es a trav\u00e9s del uso de la tecnolog\u00eda llamada \u201ccookies\u201d. \u00bfQu\u00e9 es una cookie? Una \u201ccookie\u201d es una peque\u00f1a cantidad de texto que se almacena en tu navegador cuando visitas la mayor\u00eda de los sitios web. \u00bfQu\u00e9 informaci\u00f3n almacena una cookie? Las cookies no suelen almacenar informaci\u00f3n personal sobre los usuarios.. Los datos que guardan son de car\u00e1cter t\u00e9cnico, estad\u00edsticos, preferencias de navegaci\u00f3n o personalizaci\u00f3n de contenidos, no asociando al usuario como persona, sino a su&hellip;<\/p>\n","category_list_v2":"","author_info_v2":{"name":"Ecoisleta","url":"https:\/\/ecoisleta.com\/en\/author\/ecoisleta\/"},"comments_num_v2":"0 comments","yoast_head":"<!-- This site is optimized with the Yoast SEO plugin v27.3 - https:\/\/yoast.com\/product\/yoast-seo-wordpress\/ -->\n<title>Cookies - Ecoisleta<\/title>\n<meta name=\"robots\" content=\"noindex, follow\" \/>\n<meta property=\"og:locale\" content=\"en_US\" \/>\n<meta property=\"og:type\" content=\"article\" \/>\n<meta property=\"og:title\" content=\"Cookies - Ecoisleta\" \/>\n<meta property=\"og:description\" content=\"En esta web recopilamos y utilizamos la informaci\u00f3n seg\u00fan indicamos en nuestra pol\u00edtica de privacidad. Una de las formas en las que recopilamos informaci\u00f3n es a trav\u00e9s del uso de la tecnolog\u00eda llamada \u201ccookies\u201d. \u00bfQu\u00e9 es una cookie? Una \u201ccookie\u201d es una peque\u00f1a cantidad de texto que se almacena en tu navegador cuando visitas la [&hellip;]\" \/>\n<meta property=\"og:url\" content=\"https:\/\/ecoisleta.com\/en\/cookies\/\" \/>\n<meta property=\"og:site_name\" content=\"Ecoisleta\" \/>\n<meta property=\"article:publisher\" content=\"https:\/\/www.facebook.com\/ecoisleta\" \/>\n<meta property=\"article:modified_time\" content=\"2024-06-06T10:41:16+00:00\" \/>\n<meta name=\"twitter:card\" content=\"summary_large_image\" \/>\n<meta name=\"twitter:label1\" content=\"Est. reading time\" \/>\n\t<meta name=\"twitter:data1\" content=\"5 minutes\" \/>\n<script type=\"application\/ld+json\" class=\"yoast-schema-graph\">{\"@context\":\"https:\\\/\\\/schema.org\",\"@graph\":[{\"@type\":\"WebPage\",\"@id\":\"https:\\\/\\\/ecoisleta.com\\\/en\\\/cookies\\\/\",\"url\":\"https:\\\/\\\/ecoisleta.com\\\/en\\\/cookies\\\/\",\"name\":\"Cookies - Ecoisleta\",\"isPartOf\":{\"@id\":\"https:\\\/\\\/ecoisleta.com\\\/en\\\/#website\"},\"datePublished\":\"2021-07-25T18:15:35+00:00\",\"dateModified\":\"2024-06-06T10:41:16+00:00\",\"breadcrumb\":{\"@id\":\"https:\\\/\\\/ecoisleta.com\\\/en\\\/cookies\\\/#breadcrumb\"},\"inLanguage\":\"en-US\",\"potentialAction\":[{\"@type\":\"ReadAction\",\"target\":[\"https:\\\/\\\/ecoisleta.com\\\/en\\\/cookies\\\/\"]}]},{\"@type\":\"BreadcrumbList\",\"@id\":\"https:\\\/\\\/ecoisleta.com\\\/en\\\/cookies\\\/#breadcrumb\",\"itemListElement\":[{\"@type\":\"ListItem\",\"position\":1,\"name\":\"Portada\",\"item\":\"https:\\\/\\\/ecoisleta.com\\\/en\\\/\"},{\"@type\":\"ListItem\",\"position\":2,\"name\":\"Cookies\"}]},{\"@type\":\"WebSite\",\"@id\":\"https:\\\/\\\/ecoisleta.com\\\/en\\\/#website\",\"url\":\"https:\\\/\\\/ecoisleta.com\\\/en\\\/\",\"name\":\"Coliving Ecoisleta\",\"description\":\"Coliving in Las Palmas de Gran Canaria\",\"publisher\":{\"@id\":\"https:\\\/\\\/ecoisleta.com\\\/en\\\/#organization\"},\"alternateName\":\"EcoIsleta\",\"potentialAction\":[{\"@type\":\"SearchAction\",\"target\":{\"@type\":\"EntryPoint\",\"urlTemplate\":\"https:\\\/\\\/ecoisleta.com\\\/en\\\/?s={search_term_string}\"},\"query-input\":{\"@type\":\"PropertyValueSpecification\",\"valueRequired\":true,\"valueName\":\"search_term_string\"}}],\"inLanguage\":\"en-US\"},{\"@type\":\"Organization\",\"@id\":\"https:\\\/\\\/ecoisleta.com\\\/en\\\/#organization\",\"name\":\"Coliving EcoIsleta\",\"url\":\"https:\\\/\\\/ecoisleta.com\\\/en\\\/\",\"logo\":{\"@type\":\"ImageObject\",\"inLanguage\":\"en-US\",\"@id\":\"https:\\\/\\\/ecoisleta.com\\\/en\\\/#\\\/schema\\\/logo\\\/image\\\/\",\"url\":\"https:\\\/\\\/ecoisleta.com\\\/wp-content\\\/uploads\\\/2021\\\/07\\\/cropped-Logo-Ecoisleta-color.png\",\"contentUrl\":\"https:\\\/\\\/ecoisleta.com\\\/wp-content\\\/uploads\\\/2021\\\/07\\\/cropped-Logo-Ecoisleta-color.png\",\"width\":720,\"height\":325,\"caption\":\"Coliving EcoIsleta\"},\"image\":{\"@id\":\"https:\\\/\\\/ecoisleta.com\\\/en\\\/#\\\/schema\\\/logo\\\/image\\\/\"},\"sameAs\":[\"https:\\\/\\\/www.facebook.com\\\/ecoisleta\",\"https:\\\/\\\/www.linkedin.com\\\/company\\\/ecoisleta\\\/\"]}]}<\/script>\n<!-- \/ Yoast SEO plugin. -->","yoast_head_json":{"title":"Cookies - Ecoisleta","robots":{"index":"noindex","follow":"follow"},"og_locale":"en_US","og_type":"article","og_title":"Cookies - Ecoisleta","og_description":"En esta web recopilamos y utilizamos la informaci\u00f3n seg\u00fan indicamos en nuestra pol\u00edtica de privacidad. Una de las formas en las que recopilamos informaci\u00f3n es a trav\u00e9s del uso de la tecnolog\u00eda llamada \u201ccookies\u201d. \u00bfQu\u00e9 es una cookie? Una \u201ccookie\u201d es una peque\u00f1a cantidad de texto que se almacena en tu navegador cuando visitas la [&hellip;]","og_url":"https:\/\/ecoisleta.com\/en\/cookies\/","og_site_name":"Ecoisleta","article_publisher":"https:\/\/www.facebook.com\/ecoisleta","article_modified_time":"2024-06-06T10:41:16+00:00","twitter_card":"summary_large_image","twitter_misc":{"Est. reading time":"5 minutes"},"schema":{"@context":"https:\/\/schema.org","@graph":[{"@type":"WebPage","@id":"https:\/\/ecoisleta.com\/en\/cookies\/","url":"https:\/\/ecoisleta.com\/en\/cookies\/","name":"Cookies - Ecoisleta","isPartOf":{"@id":"https:\/\/ecoisleta.com\/en\/#website"},"datePublished":"2021-07-25T18:15:35+00:00","dateModified":"2024-06-06T10:41:16+00:00","breadcrumb":{"@id":"https:\/\/ecoisleta.com\/en\/cookies\/#breadcrumb"},"inLanguage":"en-US","potentialAction":[{"@type":"ReadAction","target":["https:\/\/ecoisleta.com\/en\/cookies\/"]}]},{"@type":"BreadcrumbList","@id":"https:\/\/ecoisleta.com\/en\/cookies\/#breadcrumb","itemListElement":[{"@type":"ListItem","position":1,"name":"Portada","item":"https:\/\/ecoisleta.com\/en\/"},{"@type":"ListItem","position":2,"name":"Cookies"}]},{"@type":"WebSite","@id":"https:\/\/ecoisleta.com\/en\/#website","url":"https:\/\/ecoisleta.com\/en\/","name":"Coliving Ecoisleta","description":"Coliving in Las Palmas de Gran Canaria","publisher":{"@id":"https:\/\/ecoisleta.com\/en\/#organization"},"alternateName":"EcoIsleta","potentialAction":[{"@type":"SearchAction","target":{"@type":"EntryPoint","urlTemplate":"https:\/\/ecoisleta.com\/en\/?s={search_term_string}"},"query-input":{"@type":"PropertyValueSpecification","valueRequired":true,"valueName":"search_term_string"}}],"inLanguage":"en-US"},{"@type":"Organization","@id":"https:\/\/ecoisleta.com\/en\/#organization","name":"Coliving EcoIsleta","url":"https:\/\/ecoisleta.com\/en\/","logo":{"@type":"ImageObject","inLanguage":"en-US","@id":"https:\/\/ecoisleta.com\/en\/#\/schema\/logo\/image\/","url":"https:\/\/ecoisleta.com\/wp-content\/uploads\/2021\/07\/cropped-Logo-Ecoisleta-color.png","contentUrl":"https:\/\/ecoisleta.com\/wp-content\/uploads\/2021\/07\/cropped-Logo-Ecoisleta-color.png","width":720,"height":325,"caption":"Coliving EcoIsleta"},"image":{"@id":"https:\/\/ecoisleta.com\/en\/#\/schema\/logo\/image\/"},"sameAs":["https:\/\/www.facebook.com\/ecoisleta","https:\/\/www.linkedin.com\/company\/ecoisleta\/"]}]}},"_links":{"self":[{"href":"https:\/\/ecoisleta.com\/en\/wp-json\/wp\/v2\/pages\/1096","targetHints":{"allow":["GET"]}}],"collection":[{"href":"https:\/\/ecoisleta.com\/en\/wp-json\/wp\/v2\/pages"}],"about":[{"href":"https:\/\/ecoisleta.com\/en\/wp-json\/wp\/v2\/types\/page"}],"author":[{"embeddable":true,"href":"https:\/\/ecoisleta.com\/en\/wp-json\/wp\/v2\/users\/1"}],"replies":[{"embeddable":true,"href":"https:\/\/ecoisleta.com\/en\/wp-json\/wp\/v2\/comments?post=1096"}],"version-history":[{"count":2,"href":"https:\/\/ecoisleta.com\/en\/wp-json\/wp\/v2\/pages\/1096\/revisions"}],"predecessor-version":[{"id":207884,"href":"https:\/\/ecoisleta.com\/en\/wp-json\/wp\/v2\/pages\/1096\/revisions\/207884"}],"wp:attachment":[{"href":"https:\/\/ecoisleta.com\/en\/wp-json\/wp\/v2\/media?parent=1096"}],"curies":[{"name":"wp","href":"https:\/\/api.w.org\/{rel}","templated":true}]}}