{"id":1095,"date":"2021-09-07T18:48:56","date_gmt":"2021-09-07T18:48:56","guid":{"rendered":"https:\/\/ecoisleta.com\/aviso-legal\/"},"modified":"2022-09-09T08:50:50","modified_gmt":"2022-09-09T08:50:50","slug":"legal-notice","status":"publish","type":"page","link":"https:\/\/ecoisleta.com\/en\/legal-notice\/","title":{"rendered":"Legal Notice"},"content":{"rendered":"\n<p data-block-type=\"core\">En cumplimiento con el deber de informaci\u00f3n recogido en art\u00edculo 10 de la Ley 34\/2002, de 11 de julio, de Servicios de la Sociedad de la Informaci\u00f3n y del Comercio Electr\u00f3nico, a continuaci\u00f3n te explicamos acerca de la propiedad y t\u00e9rminos de uso de la p\u00e1gina web https:\/\/ecoisleta.com (en adelante, el sitio web)<\/p>\n\n<p data-block-type=\"core\">Asumimos el compromiso de procesar la informaci\u00f3n de nuestros usuarios y clientes con plenas garant\u00edas y cumplir con los requisitos nacionales y europeos que regulan la recopilaci\u00f3n y uso de los datos personales de nuestros usuarios.<\/p>\n\n<p data-block-type=\"core\">Este sitio web cumple rigurosamente con el Reglamento (UE) 2016\/679 del Parlamento Europeo y del Consejo de 27 de abril de 2016 relativo a la protecci\u00f3n de las personas f\u00edsicas (RGPD), as\u00ed como con la Ley 34\/2002, de 11 de julio, de Servicios de la Sociedad de la Informaci\u00f3n y Comercio Electr\u00f3nico (LSSICE \u00f3 LSSI).<\/p>\n\n<h2 class=\"wp-block-heading\" id=\"1-1-datos-identificativos-del-responsable\" data-block-type=\"core\">1. Datos identificativos del responsable<\/h2>\n\n<ul class=\"wp-block-list\" data-block-type=\"core\"><li>Identidad del Responsable: Jonathan Ortega Socorro (en adelante, el prestador)<\/li><li>Nombre comercial: Ecoisleta<\/li><li>NIF\/CIF: 44312071H<\/li><li>Correo electr\u00f3nico: ecoisleta@gmail.com<\/li><li>Direcci\u00f3n: C\/ Veneguera, 28. CP: 35009, Las Palmas de Gran Canaria.<\/li><\/ul>\n<h2 class=\"wp-block-heading\" data-block-type=\"core\">2. Objeto<\/h2>\n\n<p data-block-type=\"core\">El prestador pone a disposici\u00f3n de los usuarios el presente documento, con el que pretende dar cumplimiento a las obligaciones dispuestas en la Ley 34\/2002, de Servicios de la Sociedad de la Informaci\u00f3n y del Comercio Electr\u00f3nico (LSSI-CE), as\u00ed como informar a todos los usuarios del sitio web respecto a cu\u00e1les son las condiciones de uso del sitio web.<\/p>\n\n<p data-block-type=\"core\">Toda persona que acceda a este sitio web asume el papel de usuario, comprometi\u00e9ndose a la observancia y cumplimiento riguroso de las disposiciones aqu\u00ed dispuestas, as\u00ed como a cualesquiera otra disposici\u00f3n legal que fuera de aplicaci\u00f3n.<\/p>\n\n<p data-block-type=\"core\">El prestador se reserva el derecho a modificar cualquier tipo de informaci\u00f3n que pudiera aparecer en el sitio web, sin que exista obligaci\u00f3n de preavisar o poner en conocimiento de los usuarios dichas obligaciones, entendi\u00e9ndose como suficiente con la publicaci\u00f3n en el sitio web del prestador.<\/p>\n\n<h2 class=\"wp-block-heading\" data-block-type=\"core\">3. Responsabilidad<\/h2>\n\n<p data-block-type=\"core\">El prestador se exime de cualquier tipo de responsabilidad derivada de la informaci\u00f3n publicada en su sitio web, siempre que esta informaci\u00f3n haya sido manipulada o introducida por un tercero ajeno al mismo.<\/p>\n\n<p data-block-type=\"core\">El sitio web del prestador puede utilizar cookies para llevar a cabo determinadas funciones que son consideradas imprescindibles para el correcto funcionamiento y visualizaci\u00f3n del sitio. Las cookies utilizadas en el sitio web tienen, en todo caso, car\u00e1cter temporal con la \u00fanica finalidad de hacer m\u00e1s eficaz su transmisi\u00f3n ulterior y desaparecen al terminar la sesi\u00f3n del usuario. En ning\u00fan caso se utilizar\u00e1n las cookies para recoger informaci\u00f3n de car\u00e1cter personal.<\/p>\n\n<p data-block-type=\"core\">El usuario puede disponer de toda la informaci\u00f3n de las cookies utilizadas por el sitio web, su finalidad y obtener informaci\u00f3n sobre c\u00f3mo bloquearlas y\/o eliminarlas en el apartado \u201ccookies\u201d.<\/p>\n\n<p data-block-type=\"core\">Desde el sitio web del prestador, es posible que se redirija a contenidos de terceros sitios web. Dado que el prestador no puede controlar siempre los contenidos introducidos por los terceros en sus sitios web, \u00e9ste no asume ning\u00fan tipo de responsabilidad respecto a dichos contenidos. En todo caso, el prestador manifiesta que proceder\u00e1 a la retirada inmediata de cualquier contenido que pudiera contravenir la legislaci\u00f3n nacional o internacional, la moral o el orden p\u00fablico, procediendo a la retirada inmediata de la redirecci\u00f3n a dicho sitio web, poniendo en conocimiento de las autoridades competentes el contenido en cuesti\u00f3n.<\/p>\n\n<p data-block-type=\"core\">El prestador no se hace responsable de la informaci\u00f3n y contenidos almacenados, a t\u00edtulo enunciativo pero no limitativo, en foros, chats, generadores de blogs, comentarios, redes sociales o cualesquiera otro medio que permita a terceros publicar contenidos de forma independiente en la p\u00e1gina web del prestador. No obstante y en cumplimiento de lo dispuesto en el art. 11 y 16 de la LSSI-CE, el prestador se pone a disposici\u00f3n de todos los usuarios, autoridades y fuerzas de seguridad, y colaborando de forma activa en la retirada o en su caso bloqueo de todos aquellos contenidos que pudieran afectar o contravenir la legislaci\u00f3n nacional, o internacional, derechos de terceros o la moral y el orden p\u00fablico. En caso de que el usuario considere que existe en el sitio web alg\u00fan contenido que pudiera ser susceptible de esta clasificaci\u00f3n, se ruega lo notifique de forma inmediata al responsable del sitio web o prestador.<\/p>\n\n<p data-block-type=\"core\">Este sitio web ha sido revisado y probado para que funcione correctamente. En principio, puede garantizarse el correcto funcionamiento los 365 d\u00edas del a\u00f1o, 24 horas al d\u00eda. No obstante, el prestador no descarta la posibilidad de que existan ciertos errores de programaci\u00f3n, o que acontezcan causas de fuerza mayor, cat\u00e1strofes naturales, huelgas, o circunstancias semejantes que hagan imposible el acceso a la p\u00e1gina web.<\/p>\n\n<h2 class=\"wp-block-heading\" data-block-type=\"core\">4. Protecci\u00f3n de datos personales<\/h2>\n\n<p data-block-type=\"core\">El prestador se encuentra profundamente comprometido con el cumplimiento de la normativa espa\u00f1ola de protecci\u00f3n de datos de car\u00e1cter personal, y garantiza el cumplimiento \u00edntegro de las obligaciones dispuestas, as\u00ed como la implementaci\u00f3n de las medidas de seguridad dispuestas en la Ley Org\u00e1nica 3\/2018, de 5 de diciembre, de Protecci\u00f3n de Datos Personales y garant\u00eda de los derechos digitales y el Reglamento (UE) 2016\/679 del Parlamento Europeo y del Consejo de 27 de abril de 2016 relativo a la protecci\u00f3n de las personas f\u00edsicas (RGPD)<\/p>\n\n<p data-block-type=\"core\">El prestador pone a disposici\u00f3n de los usuarios la Pol\u00edtica de Privacidad informando a los usuarios respecto a los siguientes aspectos:<\/p>\n\n<ul class=\"wp-block-list\" data-block-type=\"core\"><li>Datos del Responsable del tratamiento<\/li><li>Datos tratados<\/li><li>Finalidad del tratamiento<\/li><li>Derechos que asisten a todo usuario y el procedimiento para ejercitarlos<\/li><\/ul>\n<h2 class=\"wp-block-heading\" data-block-type=\"core\">5. Propiedad intelectual e industrial<\/h2>\n\n<p data-block-type=\"core\">El sitio web, incluyendo a t\u00edtulo enunciativo pero no limitativo su programaci\u00f3n, edici\u00f3n, compilaci\u00f3n y dem\u00e1s elementos necesarios para su funcionamiento, los dise\u00f1os, logotipos, texto y\/o gr\u00e1ficos son propiedad del prestador o en su caso dispone de licencia o autorizaci\u00f3n expresa por parte de los autores.<\/p>\n\n<p data-block-type=\"core\">Independientemente de la finalidad para la que fueran destinados, la reproducci\u00f3n total o parcial, uso, explotaci\u00f3n, distribuci\u00f3n y comercializaci\u00f3n, requiere en todo caso de la autorizaci\u00f3n escrita previa por parte del prestador. Cualquier uso no autorizado previamente por parte del prestador ser\u00e1 considerado un incumplimiento grave de los derechos de propiedad intelectual o industrial del autor.<\/p>\n\n<p data-block-type=\"core\">Los dise\u00f1os, logotipos, texto y\/o gr\u00e1ficos ajenos al prestador y que pudieran aparecer en el sitio web, pertenecen a sus respectivos propietarios, siendo ellos mismos responsables de cualquier posible controversia que pudiera suscitarse respecto a los mismos. En todo caso, el prestador cuenta con la autorizaci\u00f3n expresa y previa por parte de los mismos.<\/p>\n\n<p data-block-type=\"core\">El prestador autoriza expresamente a que terceros puedan redirigir directamente a los contenidos concretos del sitio web.<\/p>\n\n<p data-block-type=\"core\">El prestador reconoce a favor de sus titulares los correspondientes derechos de propiedad industrial e intelectual, no implicando su sola menci\u00f3n o aparici\u00f3n en el sitio web la existencia de derechos o responsabilidad alguna del prestador sobre los mismos, como tampoco respaldo, patrocinio o recomendaci\u00f3n por parte del mismo.<\/p>\n\n<p data-block-type=\"core\">Para realizar cualquier tipo de observaci\u00f3n respecto a posibles incumplimientos de los derechos de propiedad intelectual o industrial por parte del sitio web, as\u00ed como sobre cualquiera de los contenidos del sitio web, puede hacerlo a trav\u00e9s del correo electr\u00f3nico ecoisleta@gmail.com indicando:<\/p>\n\n<ul class=\"wp-block-list\" data-block-type=\"core\"><li>Datos personales del interesado titular de los derechos presuntamente infringidos. Si la reclamaci\u00f3n la presenta un tercero distinto del interesado, deber\u00e1 indicar la representaci\u00f3n con la que act\u00faa.<\/li><li>Indicaci\u00f3n de los contenidos protegidos por los derechos de propiedad intelectual y su ubicaci\u00f3n en el web.<\/li><li>Acreditaci\u00f3n de los citados derechos de propiedad intelectual.<\/li><li>Declaraci\u00f3n expresa en la que el interesado se responsabiliza de la veracidad de las informaciones facilitadas en la notificaci\u00f3n.<\/li><\/ul>\n<h2 class=\"wp-block-heading\" data-block-type=\"core\">6. Modificaci\u00f3n unilateral<\/h2>\n\n<p data-block-type=\"core\">El responsable del sitio web podr\u00e1 modificar unilateralmente y sin previo aviso, siempre que lo considere oportuno, la estructura y dise\u00f1o del sitio web, as\u00ed como modificar o eliminar, los servicios, los contenidos y las condiciones de acceso y\/o uso del sitio web.<\/p>\n\n<h2 class=\"wp-block-heading\" data-block-type=\"core\">7. Hiperenlaces<\/h2>\n\n<p data-block-type=\"core\">El establecimiento de cualquier hiperenlace entre una p\u00e1gina web y cualquiera de las p\u00e1ginas web del sitio web estar\u00e1 sometido a la condici\u00f3n expresa de que, bajo ninguna circunstancia, el responsable del sitio web ser\u00e1 responsable de los contenidos o servicios puestos a disposici\u00f3n del p\u00fablico en la p\u00e1gina web desde la que se realice el hiperenlace ni de las informaciones y manifestaciones incluidas en las mismas.<\/p>\n\n<h2 class=\"wp-block-heading\" data-block-type=\"core\">8. Ley aplicable y jurisdicci\u00f3n<\/h2>\n\n<p data-block-type=\"core\">Para la resoluci\u00f3n de todas las controversias o cuestiones relacionadas con el presente sitio web o de las actividades en \u00e9l desarrolladas, ser\u00e1 de aplicaci\u00f3n la legislaci\u00f3n espa\u00f1ola, a la que se someten expresamente las partes, siendo competentes para la resoluci\u00f3n de todos los conflictos derivados o relacionados con su uso los Juzgados y Tribunales de Las Palmas de Gran Canaria.<\/p>\n","protected":false},"excerpt":{"rendered":"<p>En cumplimiento con el deber de informaci\u00f3n recogido en art\u00edculo 10 de la Ley 34\/2002, de 11 de julio, de Servicios de la Sociedad de la Informaci\u00f3n y del Comercio Electr\u00f3nico, a continuaci\u00f3n te explicamos acerca de la propiedad y t\u00e9rminos de uso de la p\u00e1gina web https:\/\/ecoisleta.com (en adelante, el sitio web) Asumimos el [&hellip;]<\/p>\n","protected":false},"author":1,"featured_media":0,"parent":0,"menu_order":0,"comment_status":"closed","ping_status":"closed","template":"","meta":{"_genesis_hide_title":false,"_genesis_hide_breadcrumbs":false,"_genesis_hide_singular_image":false,"_genesis_hide_footer_widgets":false,"_genesis_custom_body_class":"","_genesis_custom_post_class":"","_genesis_layout":"","footnotes":""},"class_list":{"0":"post-1095","1":"page","2":"type-page","3":"status-publish","5":"entry"},"featured_image_urls_v2":{"full":"","thumbnail":"","medium":"","medium_large":"","large":"","featured-page":""},"post_excerpt_stackable_v2":"<p>En cumplimiento con el deber de informaci\u00f3n recogido en art\u00edculo 10 de la Ley 34\/2002, de 11 de julio, de Servicios de la Sociedad de la Informaci\u00f3n y del Comercio Electr\u00f3nico, a continuaci\u00f3n te explicamos acerca de la propiedad y t\u00e9rminos de uso de la p\u00e1gina web https:\/\/ecoisleta.com (en adelante, el sitio web) Asumimos el compromiso de procesar la informaci\u00f3n de nuestros usuarios y clientes con plenas garant\u00edas y cumplir con los requisitos nacionales y europeos que regulan la recopilaci\u00f3n y uso de los datos personales de nuestros usuarios. Este sitio web cumple rigurosamente con el Reglamento (UE) 2016\/679 del&hellip;<\/p>\n","category_list_v2":"","author_info_v2":{"name":"Ecoisleta","url":"https:\/\/ecoisleta.com\/en\/author\/ecoisleta\/"},"comments_num_v2":"0 comments","yoast_head":"<!-- This site is optimized with the Yoast SEO plugin v27.3 - https:\/\/yoast.com\/product\/yoast-seo-wordpress\/ -->\n<title>Legal Notice - Ecoisleta<\/title>\n<meta name=\"robots\" content=\"noindex, follow\" \/>\n<meta property=\"og:locale\" content=\"en_US\" \/>\n<meta property=\"og:type\" content=\"article\" \/>\n<meta property=\"og:title\" content=\"Legal Notice - Ecoisleta\" \/>\n<meta property=\"og:description\" content=\"En cumplimiento con el deber de informaci\u00f3n recogido en art\u00edculo 10 de la Ley 34\/2002, de 11 de julio, de Servicios de la Sociedad de la Informaci\u00f3n y del Comercio Electr\u00f3nico, a continuaci\u00f3n te explicamos acerca de la propiedad y t\u00e9rminos de uso de la p\u00e1gina web https:\/\/ecoisleta.com (en adelante, el sitio web) Asumimos el [&hellip;]\" \/>\n<meta property=\"og:url\" content=\"https:\/\/ecoisleta.com\/en\/legal-notice\/\" \/>\n<meta property=\"og:site_name\" content=\"Ecoisleta\" \/>\n<meta property=\"article:publisher\" content=\"https:\/\/www.facebook.com\/ecoisleta\" \/>\n<meta property=\"article:modified_time\" content=\"2022-09-09T08:50:50+00:00\" \/>\n<meta name=\"twitter:card\" content=\"summary_large_image\" \/>\n<meta name=\"twitter:label1\" content=\"Est. reading time\" \/>\n\t<meta name=\"twitter:data1\" content=\"7 minutes\" \/>\n<script type=\"application\/ld+json\" class=\"yoast-schema-graph\">{\"@context\":\"https:\\\/\\\/schema.org\",\"@graph\":[{\"@type\":\"WebPage\",\"@id\":\"https:\\\/\\\/ecoisleta.com\\\/en\\\/legal-notice\\\/\",\"url\":\"https:\\\/\\\/ecoisleta.com\\\/en\\\/legal-notice\\\/\",\"name\":\"Legal Notice - Ecoisleta\",\"isPartOf\":{\"@id\":\"https:\\\/\\\/ecoisleta.com\\\/en\\\/#website\"},\"datePublished\":\"2021-09-07T18:48:56+00:00\",\"dateModified\":\"2022-09-09T08:50:50+00:00\",\"breadcrumb\":{\"@id\":\"https:\\\/\\\/ecoisleta.com\\\/en\\\/legal-notice\\\/#breadcrumb\"},\"inLanguage\":\"en-US\",\"potentialAction\":[{\"@type\":\"ReadAction\",\"target\":[\"https:\\\/\\\/ecoisleta.com\\\/en\\\/legal-notice\\\/\"]}]},{\"@type\":\"BreadcrumbList\",\"@id\":\"https:\\\/\\\/ecoisleta.com\\\/en\\\/legal-notice\\\/#breadcrumb\",\"itemListElement\":[{\"@type\":\"ListItem\",\"position\":1,\"name\":\"Portada\",\"item\":\"https:\\\/\\\/ecoisleta.com\\\/en\\\/\"},{\"@type\":\"ListItem\",\"position\":2,\"name\":\"Legal Notice\"}]},{\"@type\":\"WebSite\",\"@id\":\"https:\\\/\\\/ecoisleta.com\\\/en\\\/#website\",\"url\":\"https:\\\/\\\/ecoisleta.com\\\/en\\\/\",\"name\":\"Coliving Ecoisleta\",\"description\":\"Coliving in Las Palmas de Gran Canaria\",\"publisher\":{\"@id\":\"https:\\\/\\\/ecoisleta.com\\\/en\\\/#organization\"},\"alternateName\":\"EcoIsleta\",\"potentialAction\":[{\"@type\":\"SearchAction\",\"target\":{\"@type\":\"EntryPoint\",\"urlTemplate\":\"https:\\\/\\\/ecoisleta.com\\\/en\\\/?s={search_term_string}\"},\"query-input\":{\"@type\":\"PropertyValueSpecification\",\"valueRequired\":true,\"valueName\":\"search_term_string\"}}],\"inLanguage\":\"en-US\"},{\"@type\":\"Organization\",\"@id\":\"https:\\\/\\\/ecoisleta.com\\\/en\\\/#organization\",\"name\":\"Coliving EcoIsleta\",\"url\":\"https:\\\/\\\/ecoisleta.com\\\/en\\\/\",\"logo\":{\"@type\":\"ImageObject\",\"inLanguage\":\"en-US\",\"@id\":\"https:\\\/\\\/ecoisleta.com\\\/en\\\/#\\\/schema\\\/logo\\\/image\\\/\",\"url\":\"https:\\\/\\\/ecoisleta.com\\\/wp-content\\\/uploads\\\/2021\\\/07\\\/cropped-Logo-Ecoisleta-color.png\",\"contentUrl\":\"https:\\\/\\\/ecoisleta.com\\\/wp-content\\\/uploads\\\/2021\\\/07\\\/cropped-Logo-Ecoisleta-color.png\",\"width\":720,\"height\":325,\"caption\":\"Coliving EcoIsleta\"},\"image\":{\"@id\":\"https:\\\/\\\/ecoisleta.com\\\/en\\\/#\\\/schema\\\/logo\\\/image\\\/\"},\"sameAs\":[\"https:\\\/\\\/www.facebook.com\\\/ecoisleta\",\"https:\\\/\\\/www.linkedin.com\\\/company\\\/ecoisleta\\\/\"]}]}<\/script>\n<!-- \/ Yoast SEO plugin. -->","yoast_head_json":{"title":"Legal Notice - Ecoisleta","robots":{"index":"noindex","follow":"follow"},"og_locale":"en_US","og_type":"article","og_title":"Legal Notice - Ecoisleta","og_description":"En cumplimiento con el deber de informaci\u00f3n recogido en art\u00edculo 10 de la Ley 34\/2002, de 11 de julio, de Servicios de la Sociedad de la Informaci\u00f3n y del Comercio Electr\u00f3nico, a continuaci\u00f3n te explicamos acerca de la propiedad y t\u00e9rminos de uso de la p\u00e1gina web https:\/\/ecoisleta.com (en adelante, el sitio web) Asumimos el [&hellip;]","og_url":"https:\/\/ecoisleta.com\/en\/legal-notice\/","og_site_name":"Ecoisleta","article_publisher":"https:\/\/www.facebook.com\/ecoisleta","article_modified_time":"2022-09-09T08:50:50+00:00","twitter_card":"summary_large_image","twitter_misc":{"Est. reading time":"7 minutes"},"schema":{"@context":"https:\/\/schema.org","@graph":[{"@type":"WebPage","@id":"https:\/\/ecoisleta.com\/en\/legal-notice\/","url":"https:\/\/ecoisleta.com\/en\/legal-notice\/","name":"Legal Notice - Ecoisleta","isPartOf":{"@id":"https:\/\/ecoisleta.com\/en\/#website"},"datePublished":"2021-09-07T18:48:56+00:00","dateModified":"2022-09-09T08:50:50+00:00","breadcrumb":{"@id":"https:\/\/ecoisleta.com\/en\/legal-notice\/#breadcrumb"},"inLanguage":"en-US","potentialAction":[{"@type":"ReadAction","target":["https:\/\/ecoisleta.com\/en\/legal-notice\/"]}]},{"@type":"BreadcrumbList","@id":"https:\/\/ecoisleta.com\/en\/legal-notice\/#breadcrumb","itemListElement":[{"@type":"ListItem","position":1,"name":"Portada","item":"https:\/\/ecoisleta.com\/en\/"},{"@type":"ListItem","position":2,"name":"Legal Notice"}]},{"@type":"WebSite","@id":"https:\/\/ecoisleta.com\/en\/#website","url":"https:\/\/ecoisleta.com\/en\/","name":"Coliving Ecoisleta","description":"Coliving in Las Palmas de Gran Canaria","publisher":{"@id":"https:\/\/ecoisleta.com\/en\/#organization"},"alternateName":"EcoIsleta","potentialAction":[{"@type":"SearchAction","target":{"@type":"EntryPoint","urlTemplate":"https:\/\/ecoisleta.com\/en\/?s={search_term_string}"},"query-input":{"@type":"PropertyValueSpecification","valueRequired":true,"valueName":"search_term_string"}}],"inLanguage":"en-US"},{"@type":"Organization","@id":"https:\/\/ecoisleta.com\/en\/#organization","name":"Coliving EcoIsleta","url":"https:\/\/ecoisleta.com\/en\/","logo":{"@type":"ImageObject","inLanguage":"en-US","@id":"https:\/\/ecoisleta.com\/en\/#\/schema\/logo\/image\/","url":"https:\/\/ecoisleta.com\/wp-content\/uploads\/2021\/07\/cropped-Logo-Ecoisleta-color.png","contentUrl":"https:\/\/ecoisleta.com\/wp-content\/uploads\/2021\/07\/cropped-Logo-Ecoisleta-color.png","width":720,"height":325,"caption":"Coliving EcoIsleta"},"image":{"@id":"https:\/\/ecoisleta.com\/en\/#\/schema\/logo\/image\/"},"sameAs":["https:\/\/www.facebook.com\/ecoisleta","https:\/\/www.linkedin.com\/company\/ecoisleta\/"]}]}},"_links":{"self":[{"href":"https:\/\/ecoisleta.com\/en\/wp-json\/wp\/v2\/pages\/1095","targetHints":{"allow":["GET"]}}],"collection":[{"href":"https:\/\/ecoisleta.com\/en\/wp-json\/wp\/v2\/pages"}],"about":[{"href":"https:\/\/ecoisleta.com\/en\/wp-json\/wp\/v2\/types\/page"}],"author":[{"embeddable":true,"href":"https:\/\/ecoisleta.com\/en\/wp-json\/wp\/v2\/users\/1"}],"replies":[{"embeddable":true,"href":"https:\/\/ecoisleta.com\/en\/wp-json\/wp\/v2\/comments?post=1095"}],"version-history":[{"count":2,"href":"https:\/\/ecoisleta.com\/en\/wp-json\/wp\/v2\/pages\/1095\/revisions"}],"predecessor-version":[{"id":1175,"href":"https:\/\/ecoisleta.com\/en\/wp-json\/wp\/v2\/pages\/1095\/revisions\/1175"}],"wp:attachment":[{"href":"https:\/\/ecoisleta.com\/en\/wp-json\/wp\/v2\/media?parent=1095"}],"curies":[{"name":"wp","href":"https:\/\/api.w.org\/{rel}","templated":true}]}}